{"id":2953,"date":"2018-02-23T07:24:30","date_gmt":"2018-02-23T07:24:30","guid":{"rendered":"http:\/\/odzn.pl\/pl\/?page_id=2953"},"modified":"2020-01-16T16:46:09","modified_gmt":"2020-01-16T16:46:09","slug":"igrzyska-2018","status":"publish","type":"page","link":"https:\/\/odzn.pl\/pl\/igrzyska-2018\/","title":{"rendered":"Igrzyska i Gimnazjada 2018"},"content":{"rendered":"<h3>Punktacja Szk\u00f3\u0142 Podstawowych<\/h3>\n<table style=\"width: 610px;\">\n<tbody>\n<tr>\n<td style=\"background-color: #c60000; text-align: center; width: 64px;\" rowspan=\"2\"><span style=\"color: #ffffff;\"><strong>M<\/strong><\/span><\/td>\n<td style=\"background-color: #c60000; text-align: center; width: 240.7px;\" colspan=\"3\" rowspan=\"2\"><span style=\"color: #ffffff;\"><strong>Szko\u0142a<\/strong><\/span><\/td>\n<td style=\"background-color: #c60000; text-align: center; width: 34px;\"><span style=\"color: #ffffff;\"><strong>Bieg ind<\/strong><\/span><\/td>\n<td style=\"background-color: #c60000; text-align: center; width: 32px;\"><span style=\"color: #ffffff;\"><strong>Bieg ind<\/strong><\/span><\/td>\n<td style=\"background-color: #c60000; text-align: center; width: 82px;\" colspan=\"2\"><span style=\"color: #ffffff;\"><strong>sztafety<\/strong><\/span><\/td>\n<td style=\"background-color: #c60000; text-align: center; width: 125px;\" colspan=\"2\"><span style=\"color: #ffffff;\"><strong>RAZEM<\/strong><\/span><\/td>\n<\/tr>\n<tr>\n<td style=\"background-color: #c60000; text-align: center; width: 34px;\"><span style=\"color: #ffffff;\"><strong>dz<\/strong><\/span><\/td>\n<td style=\"background-color: #c60000; text-align: center; width: 32px;\"><span style=\"color: #ffffff;\"><strong>ch\u0142<\/strong><\/span><\/td>\n<td style=\"background-color: #c60000; text-align: center; width: 42px;\"><span style=\"color: #ffffff;\"><strong>dz<\/strong><\/span><\/td>\n<td style=\"background-color: #c60000; text-align: center; width: 40px;\"><span style=\"color: #ffffff;\"><strong>ch<\/strong><\/span><\/td>\n<td style=\"background-color: #c60000; text-align: center; width: 60px;\"><span style=\"color: #ffffff;\"><strong>dz<\/strong><\/span><\/td>\n<td style=\"background-color: #c60000; text-align: center; width: 65px;\"><span style=\"color: #ffffff;\"><strong>ch<\/strong><\/span><\/td>\n<\/tr>\n<tr>\n<td style=\"width: 64px; text-align: center;\">1<\/td>\n<td style=\"width: 240.7px; text-align: left;\" colspan=\"3\">SP 15 Jelenia G\u00f3ra<\/td>\n<td style=\"width: 34px; text-align: center;\">17<\/td>\n<td style=\"width: 32px; text-align: center;\">14<\/td>\n<td style=\"width: 42px; text-align: center;\">10<\/td>\n<td style=\"width: 40px; text-align: center;\">8<\/td>\n<td style=\"width: 60px; text-align: center;\">27<\/td>\n<td style=\"width: 65px; text-align: center;\">22<\/td>\n<\/tr>\n<tr>\n<td style=\"width: 64px; text-align: center;\">2<\/td>\n<td style=\"width: 240.7px; text-align: left;\" colspan=\"3\">SP 1 Piechowice<\/td>\n<td style=\"width: 34px; text-align: center;\">12<\/td>\n<td style=\"width: 32px; text-align: center;\">16<\/td>\n<td style=\"width: 42px; text-align: center;\">6<\/td>\n<td style=\"width: 40px; text-align: center;\">10<\/td>\n<td style=\"width: 60px; text-align: center;\">18<\/td>\n<td style=\"width: 65px; text-align: center;\">26<\/td>\n<\/tr>\n<tr>\n<td style=\"width: 64px; text-align: center;\">3<\/td>\n<td style=\"width: 240.7px; text-align: left;\" colspan=\"3\">GZSP Czarny B\u00f3r<\/td>\n<td style=\"width: 34px; text-align: center;\">14<\/td>\n<td style=\"width: 32px; text-align: center;\">13<\/td>\n<td style=\"width: 42px; text-align: center;\">7<\/td>\n<td style=\"width: 40px; text-align: center;\">7<\/td>\n<td style=\"width: 60px; text-align: center;\">21<\/td>\n<td style=\"width: 65px; text-align: center;\">20<\/td>\n<\/tr>\n<tr>\n<td style=\"width: 64px; text-align: center;\">4<\/td>\n<td style=\"width: 240.7px; text-align: left;\" colspan=\"3\">ZSP Lubawka<\/td>\n<td style=\"width: 34px; text-align: center;\">15<\/td>\n<td style=\"width: 32px; text-align: center;\">11<\/td>\n<td style=\"width: 42px; text-align: center;\">8<\/td>\n<td style=\"width: 40px; text-align: center;\">5<\/td>\n<td style=\"width: 60px; text-align: center;\">23<\/td>\n<td style=\"width: 65px; text-align: center;\">16<\/td>\n<\/tr>\n<tr>\n<td style=\"width: 64px; text-align: center;\">5<\/td>\n<td style=\"width: 240.7px; text-align: left;\" colspan=\"3\">SP1 \u015awierad\u00f3w-Zdr\u00f3j<\/td>\n<td style=\"width: 34px; text-align: center;\">8<\/td>\n<td style=\"width: 32px; text-align: center;\">8<\/td>\n<td style=\"width: 42px; text-align: center;\">3<\/td>\n<td style=\"width: 40px; text-align: center;\">3<\/td>\n<td style=\"width: 60px; text-align: center;\">11<\/td>\n<td style=\"width: 65px; text-align: center;\">11<\/td>\n<\/tr>\n<tr>\n<td style=\"width: 64px; text-align: center;\">6<\/td>\n<td style=\"width: 240.7px; text-align: left;\" colspan=\"3\">SP4 Bielawa<\/td>\n<td style=\"width: 34px; text-align: center;\">9<\/td>\n<td style=\"width: 32px; text-align: center;\">7<\/td>\n<td style=\"width: 42px; text-align: center;\">2<\/td>\n<td style=\"width: 40px; text-align: center;\">4<\/td>\n<td style=\"width: 60px; text-align: center;\">11<\/td>\n<td style=\"width: 65px; text-align: center;\">11<\/td>\n<\/tr>\n<tr>\n<td style=\"width: 64px; text-align: center;\">7<\/td>\n<td style=\"width: 240.7px; text-align: left;\" colspan=\"3\">Szko\u0142a Podstawowa w Karpaczu<\/td>\n<td style=\"width: 34px; text-align: center;\">10<\/td>\n<td style=\"width: 32px; text-align: center;\">6<\/td>\n<td style=\"width: 42px; text-align: center;\"><\/td>\n<td style=\"width: 40px; text-align: center;\"><\/td>\n<td style=\"width: 60px; text-align: center;\">10<\/td>\n<td style=\"width: 65px; text-align: center;\">6<\/td>\n<\/tr>\n<tr>\n<td style=\"width: 64px; text-align: center;\">8<\/td>\n<td style=\"width: 240.7px; text-align: left;\" colspan=\"3\">SP Sosn\u00f3wka<\/td>\n<td style=\"width: 34px; text-align: center;\">13<\/td>\n<td style=\"width: 32px; text-align: center;\"><\/td>\n<td style=\"width: 42px; text-align: center;\">5<\/td>\n<td style=\"width: 40px; text-align: center;\"><\/td>\n<td style=\"width: 60px; text-align: center;\">18<\/td>\n<td style=\"width: 65px; text-align: center;\">0<\/td>\n<\/tr>\n<tr>\n<td style=\"width: 64px; text-align: center;\">9<\/td>\n<td style=\"width: 240.7px; text-align: left;\" colspan=\"3\">SP Soko\u0142owsko<\/td>\n<td style=\"width: 34px; text-align: center;\"><\/td>\n<td style=\"width: 32px; text-align: center;\">12<\/td>\n<td style=\"width: 42px; text-align: center;\"><\/td>\n<td style=\"width: 40px; text-align: center;\">6<\/td>\n<td style=\"width: 60px; text-align: center;\">0<\/td>\n<td style=\"width: 65px; text-align: center;\">18<\/td>\n<\/tr>\n<tr>\n<td style=\"width: 64px; text-align: center;\">10<\/td>\n<td style=\"width: 240.7px; text-align: left;\" colspan=\"3\">SP Jedlina<\/td>\n<td style=\"width: 34px; text-align: center;\">11<\/td>\n<td style=\"width: 32px; text-align: center;\"><\/td>\n<td style=\"width: 42px; text-align: center;\">4<\/td>\n<td style=\"width: 40px; text-align: center;\"><\/td>\n<td style=\"width: 60px; text-align: center;\">15<\/td>\n<td style=\"width: 65px; text-align: center;\">0<\/td>\n<\/tr>\n<tr>\n<td style=\"width: 64px; text-align: center;\">11<\/td>\n<td style=\"width: 240.7px; text-align: left;\" colspan=\"3\">SP Kopaniec<\/td>\n<td style=\"width: 34px; text-align: center;\"><\/td>\n<td style=\"width: 32px; text-align: center;\">9<\/td>\n<td style=\"width: 42px; text-align: center;\"><\/td>\n<td style=\"width: 40px; text-align: center;\"><\/td>\n<td style=\"width: 60px; text-align: center;\">0<\/td>\n<td style=\"width: 65px; text-align: center;\">9<\/td>\n<\/tr>\n<tr>\n<td style=\"width: 64px; text-align: center;\">12<\/td>\n<td style=\"width: 240.7px; text-align: left;\" colspan=\"3\">SP Wojcieszyce<\/td>\n<td style=\"width: 34px; text-align: center;\">7<\/td>\n<td style=\"width: 32px; text-align: center;\"><\/td>\n<td style=\"width: 42px; text-align: center;\"><\/td>\n<td style=\"width: 40px; text-align: center;\"><\/td>\n<td style=\"width: 60px; text-align: center;\">7<\/td>\n<td style=\"width: 65px; text-align: center;\">0<\/td>\n<\/tr>\n<tr>\n<td style=\"width: 64px; text-align: center;\">13<\/td>\n<td style=\"width: 240.7px; text-align: left;\" colspan=\"3\">SP6 Jelenia G\u00f3ra<\/td>\n<td style=\"width: 34px; text-align: center;\"><\/td>\n<td style=\"width: 32px; text-align: center;\">5<\/td>\n<td style=\"width: 42px; text-align: center;\"><\/td>\n<td style=\"width: 40px; text-align: center;\"><\/td>\n<td style=\"width: 60px; text-align: center;\">0<\/td>\n<td style=\"width: 65px; text-align: center;\">5<\/td>\n<\/tr>\n<tr>\n<td style=\"width: 64px; text-align: center;\">14<\/td>\n<td style=\"width: 240.7px; text-align: center;\" colspan=\"3\">PSP NR 6 Bogusz\u00f3w-Gorce<\/td>\n<td style=\"width: 34px; text-align: center;\"><\/td>\n<td style=\"width: 32px; text-align: center;\"><\/td>\n<td style=\"width: 42px; text-align: center;\"><\/td>\n<td style=\"width: 40px; text-align: center;\"><\/td>\n<td style=\"width: 60px; text-align: center;\">0<\/td>\n<td style=\"width: 65px; text-align: center;\">0<\/td>\n<\/tr>\n<\/tbody>\n<\/table>\n<p>&nbsp;<\/p>\n<h3>Punktacja Szk\u00f3\u0142 Gimnazjalnych<\/h3>\n<table style=\"width: 613px;\">\n<tbody>\n<tr>\n<td style=\"background-color: #c60000; text-align: center; width: 55px;\" rowspan=\"2\"><span style=\"color: #ffffff;\"><strong>M<\/strong><\/span><\/td>\n<td style=\"background-color: #c60000; text-align: center; width: 243px;\" rowspan=\"2\"><span style=\"color: #ffffff;\"><strong>Szko\u0142a<\/strong><\/span><\/td>\n<td style=\"background-color: #c60000; text-align: center; width: 43px;\"><span style=\"color: #ffffff;\"><strong>Bieg ind<\/strong><\/span><\/td>\n<td style=\"background-color: #c60000; text-align: center; width: 44px;\"><span style=\"color: #ffffff;\"><strong>Bieg ind<\/strong><\/span><\/td>\n<td style=\"background-color: #c60000; text-align: center; width: 71px;\" colspan=\"2\"><span style=\"color: #ffffff;\"><strong>sztafety<\/strong><\/span><\/td>\n<td style=\"background-color: #c60000; text-align: center; width: 122px;\" colspan=\"2\"><span style=\"color: #ffffff;\"><strong>RAZEM<\/strong><\/span><\/td>\n<\/tr>\n<tr>\n<td style=\"background-color: #c60000; text-align: center; width: 43px;\"><span style=\"color: #ffffff;\"><strong>dz<\/strong><\/span><\/td>\n<td style=\"background-color: #c60000; text-align: center; width: 44px;\"><span style=\"color: #ffffff;\"><strong>ch<\/strong><\/span><\/td>\n<td style=\"background-color: #c60000; text-align: center; width: 35px;\"><span style=\"color: #ffffff;\"><strong>dz<\/strong><\/span><\/td>\n<td style=\"background-color: #c60000; text-align: center; width: 36px;\"><span style=\"color: #ffffff;\"><strong>ch<\/strong><\/span><\/td>\n<td style=\"background-color: #c60000; text-align: center; width: 53.95px;\"><span style=\"color: #ffffff;\"><strong>dz<\/strong><\/span><\/td>\n<td style=\"background-color: #c60000; text-align: center; width: 68.05px;\"><span style=\"color: #ffffff;\"><strong>ch<\/strong><\/span><\/td>\n<\/tr>\n<tr>\n<td style=\"width: 55px; text-align: center;\">1<\/td>\n<td style=\"width: 243px; text-align: left;\">ZSO i MS SZKLARSKA POR\u0118BA<\/td>\n<td style=\"width: 43px; text-align: center;\">12<\/td>\n<td style=\"width: 44px; text-align: center;\">14<\/td>\n<td style=\"width: 35px; text-align: center;\">8<\/td>\n<td style=\"width: 36px; text-align: center;\">7<\/td>\n<td style=\"width: 53.95px; text-align: center;\">20<\/td>\n<td style=\"width: 68.05px; text-align: center;\">21<\/td>\n<\/tr>\n<tr>\n<td style=\"width: 55px; text-align: center;\">2<\/td>\n<td style=\"width: 243px; text-align: left;\">G 5\/SP15 JELENIA G\u00d3RA<\/td>\n<td style=\"width: 43px; text-align: center;\">10<\/td>\n<td style=\"width: 44px; text-align: center;\">12<\/td>\n<td style=\"width: 35px; text-align: center;\">3<\/td>\n<td style=\"width: 36px; text-align: center;\">4<\/td>\n<td style=\"width: 53.95px; text-align: center;\">13<\/td>\n<td style=\"width: 68.05px; text-align: center;\">16<\/td>\n<\/tr>\n<tr>\n<td style=\"width: 55px; text-align: center;\">3<\/td>\n<td style=\"width: 243px; text-align: left;\">GZSzP w Czarnym Borze<\/td>\n<td style=\"width: 43px; text-align: center;\">9<\/td>\n<td style=\"width: 44px; text-align: center;\">11<\/td>\n<td style=\"width: 35px; text-align: center;\">6<\/td>\n<td style=\"width: 36px; text-align: center;\">5<\/td>\n<td style=\"width: 53.95px; text-align: center;\">15<\/td>\n<td style=\"width: 68.05px; text-align: center;\">16<\/td>\n<\/tr>\n<tr>\n<td style=\"width: 55px; text-align: center;\">4<\/td>\n<td style=\"width: 243px; text-align: left;\">Szko\u0142a Podstawowa w Karpaczu<\/td>\n<td style=\"width: 43px; text-align: center;\">6<\/td>\n<td style=\"width: 44px; text-align: center;\">10<\/td>\n<td style=\"width: 35px; text-align: center;\"><\/td>\n<td style=\"width: 36px; text-align: center;\"><\/td>\n<td style=\"width: 53.95px; text-align: center;\">6<\/td>\n<td style=\"width: 68.05px; text-align: center;\">10<\/td>\n<\/tr>\n<tr>\n<td style=\"width: 55px; text-align: center;\">5<\/td>\n<td style=\"width: 243px; text-align: left;\">G Jedlina Zdr\u00f3j<\/td>\n<td style=\"width: 43px; text-align: center;\"><\/td>\n<td style=\"width: 44px; text-align: center;\">9<\/td>\n<td style=\"width: 35px; text-align: center;\"><\/td>\n<td style=\"width: 36px; text-align: center;\">3<\/td>\n<td style=\"width: 53.95px; text-align: center;\">0<\/td>\n<td style=\"width: 68.05px; text-align: center;\">12<\/td>\n<\/tr>\n<tr>\n<td style=\"width: 55px; text-align: center;\">6<\/td>\n<td style=\"width: 243px; text-align: left;\">G Sosn\u00f3wka<\/td>\n<td style=\"width: 43px; text-align: center;\">8<\/td>\n<td style=\"width: 44px; text-align: center;\"><\/td>\n<td style=\"width: 35px; text-align: center;\">5<\/td>\n<td style=\"width: 36px; text-align: center;\"><\/td>\n<td style=\"width: 53.95px; text-align: center;\">13<\/td>\n<td style=\"width: 68.05px; text-align: center;\">0<\/td>\n<\/tr>\n<tr>\n<td style=\"width: 55px; text-align: center;\">7<\/td>\n<td style=\"width: 243px; text-align: left;\">G Lubawka<\/td>\n<td style=\"width: 43px; text-align: center;\">7<\/td>\n<td style=\"width: 44px; text-align: center;\"><\/td>\n<td style=\"width: 35px; text-align: center;\">4<\/td>\n<td style=\"width: 36px; text-align: center;\"><\/td>\n<td style=\"width: 53.95px; text-align: center;\">11<\/td>\n<td style=\"width: 68.05px; text-align: center;\">0<\/td>\n<\/tr>\n<tr>\n<td style=\"width: 55px; text-align: center;\">8<\/td>\n<td style=\"width: 243px; text-align: left;\">SP1 \u015awierad\u00f3w-Zdr\u00f3j<\/td>\n<td style=\"width: 43px; text-align: center;\"><\/td>\n<td style=\"width: 44px; text-align: center;\"><\/td>\n<td style=\"width: 35px; text-align: center;\"><\/td>\n<td style=\"width: 36px; text-align: center;\">2<\/td>\n<td style=\"width: 53.95px; text-align: center;\">0<\/td>\n<td style=\"width: 68.05px; text-align: center;\">2<\/td>\n<\/tr>\n<\/tbody>\n<\/table>\n<p>&nbsp;<\/p>\n<div style=\"background: #eaeaea; border: 1px solid #aaa; border-radius: 8px; padding: 15px;\">\n<h4 style=\"margin-bottom: 0px;\">Za\u0142\u0105czniki:<\/h4>\n<p>Oficjalne wyniki:<strong> <a href=\"https:\/\/drive.google.com\/file\/d\/1H-LmA21n_pPjS0pBJmzR7mEoi4tTQhsb\/view?usp=sharing\" target=\"_blank\" rel=\"noopener noreferrer\">TUTAJ<\/a><\/strong><\/p>\n<\/div>\n","protected":false},"excerpt":{"rendered":"<p>Punktacja Szk\u00f3\u0142 Podstawowych M Szko\u0142a Bieg ind Bieg ind sztafety RAZEM dz ch\u0142 dz ch&#8230;<\/p>\n","protected":false},"author":1,"featured_media":0,"parent":0,"menu_order":0,"comment_status":"closed","ping_status":"closed","template":"pagetpl-onecolumn.php","meta":{"_uag_custom_page_level_css":"","footnotes":""},"class_list":["post-2953","page","type-page","status-publish","hentry"],"uagb_featured_image_src":{"full":false,"thumbnail":false,"medium":false,"medium_large":false,"large":false,"1536x1536":false,"2048x2048":false,"post-thumbnail":false,"septera-featured":false,"septera-featured-lp":false,"septera-featured-half":false,"septera-featured-third":false,"septera-lpbox-1":false,"septera-lpbox-2":false},"uagb_author_info":{"display_name":"DZN","author_link":"https:\/\/odzn.pl\/pl\/author\/administrator\/"},"uagb_comment_info":0,"uagb_excerpt":"Punktacja Szk\u00f3\u0142 Podstawowych M Szko\u0142a Bieg ind Bieg ind sztafety RAZEM dz ch\u0142 dz ch...","_links":{"self":[{"href":"https:\/\/odzn.pl\/pl\/wp-json\/wp\/v2\/pages\/2953","targetHints":{"allow":["GET"]}}],"collection":[{"href":"https:\/\/odzn.pl\/pl\/wp-json\/wp\/v2\/pages"}],"about":[{"href":"https:\/\/odzn.pl\/pl\/wp-json\/wp\/v2\/types\/page"}],"author":[{"embeddable":true,"href":"https:\/\/odzn.pl\/pl\/wp-json\/wp\/v2\/users\/1"}],"replies":[{"embeddable":true,"href":"https:\/\/odzn.pl\/pl\/wp-json\/wp\/v2\/comments?post=2953"}],"version-history":[{"count":28,"href":"https:\/\/odzn.pl\/pl\/wp-json\/wp\/v2\/pages\/2953\/revisions"}],"predecessor-version":[{"id":3664,"href":"https:\/\/odzn.pl\/pl\/wp-json\/wp\/v2\/pages\/2953\/revisions\/3664"}],"wp:attachment":[{"href":"https:\/\/odzn.pl\/pl\/wp-json\/wp\/v2\/media?parent=2953"}],"curies":[{"name":"wp","href":"https:\/\/api.w.org\/{rel}","templated":true}]}}