{"id":5302,"date":"2021-02-06T04:59:23","date_gmt":"2021-02-06T04:59:23","guid":{"rendered":"https:\/\/odzn.pl\/pl\/?page_id=5302"},"modified":"2025-11-11T19:53:16","modified_gmt":"2025-11-11T18:53:16","slug":"sedziowie-dzn","status":"publish","type":"page","link":"https:\/\/odzn.pl\/pl\/sedziowie-dzn\/","title":{"rendered":"Dokumenty s\u0119dziowskie PZN i DZN"},"content":{"rendered":"\n<h3 class=\"wp-block-heading\">Dokumenty s\u0119dziowskie PZN i DZN<\/h3>\n\n\n\n<section class=\"wp-block-uagb-columns uagb-columns__wrap uagb-columns__background-none uagb-columns__stack-mobile uagb-columns__valign- uagb-columns__gap-10 align uagb-block-48392cc4 uagb-columns__columns-2 uagb-columns__max_width-custom\"><div class=\"uagb-columns__overlay\"><\/div><div class=\"uagb-columns__inner-wrap uagb-columns__columns-2\">\n<div class=\"wp-block-uagb-column uagb-column__wrap uagb-column__background-undefined uagb-block-eef2ee38\"><div class=\"uagb-column__overlay\"><\/div><a href=\"https:\/\/odzn.pl\/pl\/wp-content\/uploads\/2024\/08\/DZN-2024-Zmiana-legitymacji-sedziowskich-dla-sedziow-2024.pdf\" class=\"pdfemb-viewer\" style=\"width:840px;\" data-width=\"840\" data-height=\"max\" data-toolbar=\"bottom\" data-toolbar-fixed=\"on\">DZN-2024-Zmiana-legitymacji-sedziowskich-dla-sedziow-2024<\/a><\/div>\n\n\n\n<div class=\"wp-block-uagb-column uagb-column__wrap uagb-column__background-undefined uagb-block-1780e9d1\"><div class=\"uagb-column__overlay\"><\/div><a href=\"https:\/\/odzn.pl\/pl\/wp-content\/uploads\/2024\/08\/PZN-2024-WNIOSEK-O-PRZEDLUZENIE-AKTYWNOSCI-LICENCJI-SEDZIOWSKIEJ.pdf\" class=\"pdfemb-viewer\" style=\"width:840px;\" data-width=\"840\" data-height=\"max\" data-toolbar=\"bottom\" data-toolbar-fixed=\"on\">PZN-2024-WNIOSEK-O-PRZEDLUZENIE-AKTYWNOSCI-LICENCJI-SEDZIOWSKIEJ<\/a><\/div>\n<\/div><\/section>\n\n\n\n<section class=\"wp-block-uagb-columns uagb-columns__wrap uagb-columns__background-none uagb-columns__stack-mobile uagb-columns__valign- uagb-columns__gap-10 align uagb-block-ec936524 uagb-columns__columns-2 uagb-columns__max_width-custom\"><div class=\"uagb-columns__overlay\"><\/div><div class=\"uagb-columns__inner-wrap uagb-columns__columns-2\">\n<div class=\"wp-block-uagb-column uagb-column__wrap uagb-column__background-undefined uagb-block-a5034b61\"><div class=\"uagb-column__overlay\"><\/div><a href=\"https:\/\/odzn.pl\/pl\/wp-content\/uploads\/2024\/08\/CALOSC-WYTYCZNE-SPORTOWE-PZN-2024-komisja-sedziowskia.pdf\" class=\"pdfemb-viewer\" style=\"width:840px;\" data-width=\"840\" data-height=\"max\" data-toolbar=\"bottom\" data-toolbar-fixed=\"on\">CALOSC-WYTYCZNE-SPORTOWE-PZN-2024-komisja-sedziowskia<\/a><\/div>\n\n\n\n<div class=\"wp-block-uagb-column uagb-column__wrap uagb-column__background-undefined uagb-block-2c374b19\"><div class=\"uagb-column__overlay\"><\/div><a href=\"https:\/\/odzn.pl\/pl\/wp-content\/uploads\/2024\/01\/PZN-Procedura-pomiarowa-2021.pdf\" class=\"pdfemb-viewer\" style=\"width:840px;\" data-width=\"840\" data-height=\"max\" data-toolbar=\"bottom\" data-toolbar-fixed=\"on\">PZN-Procedura-pomiarowa-2021<\/a><\/div>\n<\/div><\/section>\n\n\n\n<section class=\"wp-block-uagb-columns uagb-columns__wrap uagb-columns__background-none uagb-columns__stack-mobile uagb-columns__valign- uagb-columns__gap-10 align uagb-block-0fcdf7c3 uagb-columns__columns-2 uagb-columns__max_width-custom\"><div class=\"uagb-columns__overlay\"><\/div><div class=\"uagb-columns__inner-wrap uagb-columns__columns-2\">\n<div class=\"wp-block-uagb-column uagb-column__wrap uagb-column__background-undefined uagb-block-bd348aa7\"><div class=\"uagb-column__overlay\"><\/div><a href=\"https:\/\/odzn.pl\/pl\/wp-content\/uploads\/2024\/01\/Regulamin-sedziow-PZN-2016-Wydanie-z-2023.pdf\" class=\"pdfemb-viewer\" style=\"width:840px;\" data-width=\"840\" data-height=\"max\" data-toolbar=\"bottom\" data-toolbar-fixed=\"on\">Regulamin-sedziow-PZN-2016-Wydanie-z-2023<\/a><\/div>\n\n\n\n<div class=\"wp-block-uagb-column uagb-column__wrap uagb-column__background-undefined uagb-block-18a4515e\"><div class=\"uagb-column__overlay\"><\/div><a href=\"https:\/\/odzn.pl\/pl\/wp-content\/uploads\/2024\/01\/Wytyczne-sportowe-Sedziowie-PZN-Wynagrodzenie.pdf\" class=\"pdfemb-viewer\" style=\"width:840px;\" data-width=\"840\" data-height=\"max\" data-toolbar=\"bottom\" data-toolbar-fixed=\"on\">Wytyczne-sportowe-Sedziowie-PZN-Wynagrodzenie<\/a><\/div>\n<\/div><\/section>\n\n\n\n<p class=\"has-text-align-center\"><strong>Seminarium s\u0119dziowskie (Jelenia G\u00f3ra, 09.12.2024 r.)<\/strong><\/p>\n\n\n\n<div class=\"wp-block-uagb-container uagb-block-b56eac41 alignfull uagb-is-root-container\"><div class=\"uagb-container-inner-blocks-wrap\">\n<div class=\"wp-block-uagb-container uagb-block-c4f42a86\"><a href=\"https:\/\/odzn.pl\/pl\/wp-content\/uploads\/2024\/12\/Spotkanie-PTKS-28.09.2024.pdf\" class=\"pdfemb-viewer\" style=\"width:840px;\" data-width=\"840\" data-height=\"max\" data-toolbar=\"bottom\" data-toolbar-fixed=\"on\">Spotkanie-PTKS-28.09.2024<\/a><\/div>\n\n\n\n<div class=\"wp-block-uagb-container uagb-block-129f07ba\"><a href=\"https:\/\/odzn.pl\/pl\/wp-content\/uploads\/2024\/12\/Seminarium_09.12.2024-REGULAMIN-SEDZIOWSKI-PZN-2024.pdf\" class=\"pdfemb-viewer\" style=\"width:840px;\" data-width=\"840\" data-height=\"max\" data-toolbar=\"bottom\" data-toolbar-fixed=\"on\">Seminarium_09.12.2024-REGULAMIN-SEDZIOWSKI-PZN-2024<\/a><\/div>\n\n\n\n<div class=\"wp-block-uagb-container uagb-block-3115d7c7\"><a href=\"https:\/\/odzn.pl\/pl\/wp-content\/uploads\/2024\/12\/Regulamin-Sedziow-PZN-2024-akt.5.11.2024.pdf\" class=\"pdfemb-viewer\" style=\"width:840px;\" data-width=\"840\" data-height=\"max\" data-toolbar=\"bottom\" data-toolbar-fixed=\"on\">Regulamin-Sedziow-PZN-2024-akt.5.11.2024<\/a><\/div>\n<\/div><\/div>\n\n\n\n<p class=\"has-text-align-center\"><strong>Seminarium s\u0119dziowskie (Jelenia G\u00f3ra, 07.11.2025 r.)<\/strong><\/p>\n\n\n<a href=\"https:\/\/odzn.pl\/pl\/wp-content\/uploads\/2025\/11\/2025.11.07_WytyczneSedziowskie2025-2026.pdf\" class=\"pdfemb-viewer\" style=\"width:840px;\" data-width=\"840\" data-height=\"max\" data-toolbar=\"bottom\" data-toolbar-fixed=\"on\">2025.11.07_WytyczneSedziowskie2025-2026<\/a>","protected":false},"excerpt":{"rendered":"<p>Dokumenty s\u0119dziowskie PZN i DZN Seminarium s\u0119dziowskie (Jelenia G\u00f3ra, 09.12.2024 r.) Seminarium s\u0119dziowskie (Jelenia G\u00f3ra,&#8230;<\/p>\n","protected":false},"author":1,"featured_media":0,"parent":0,"menu_order":0,"comment_status":"closed","ping_status":"closed","template":"","meta":{"_uag_custom_page_level_css":"","footnotes":""},"class_list":["post-5302","page","type-page","status-publish","hentry"],"uagb_featured_image_src":{"full":false,"thumbnail":false,"medium":false,"medium_large":false,"large":false,"1536x1536":false,"2048x2048":false,"post-thumbnail":false,"septera-featured":false,"septera-featured-lp":false,"septera-featured-half":false,"septera-featured-third":false,"septera-lpbox-1":false,"septera-lpbox-2":false},"uagb_author_info":{"display_name":"DZN","author_link":"https:\/\/odzn.pl\/pl\/author\/administrator\/"},"uagb_comment_info":0,"uagb_excerpt":"Dokumenty s\u0119dziowskie PZN i DZN Seminarium s\u0119dziowskie (Jelenia G\u00f3ra, 09.12.2024 r.) Seminarium s\u0119dziowskie (Jelenia G\u00f3ra,...","_links":{"self":[{"href":"https:\/\/odzn.pl\/pl\/wp-json\/wp\/v2\/pages\/5302","targetHints":{"allow":["GET"]}}],"collection":[{"href":"https:\/\/odzn.pl\/pl\/wp-json\/wp\/v2\/pages"}],"about":[{"href":"https:\/\/odzn.pl\/pl\/wp-json\/wp\/v2\/types\/page"}],"author":[{"embeddable":true,"href":"https:\/\/odzn.pl\/pl\/wp-json\/wp\/v2\/users\/1"}],"replies":[{"embeddable":true,"href":"https:\/\/odzn.pl\/pl\/wp-json\/wp\/v2\/comments?post=5302"}],"version-history":[{"count":25,"href":"https:\/\/odzn.pl\/pl\/wp-json\/wp\/v2\/pages\/5302\/revisions"}],"predecessor-version":[{"id":12183,"href":"https:\/\/odzn.pl\/pl\/wp-json\/wp\/v2\/pages\/5302\/revisions\/12183"}],"wp:attachment":[{"href":"https:\/\/odzn.pl\/pl\/wp-json\/wp\/v2\/media?parent=5302"}],"curies":[{"name":"wp","href":"https:\/\/api.w.org\/{rel}","templated":true}]}}